{"id":15,"date":"2019-01-09T17:01:59","date_gmt":"2019-01-09T15:01:59","guid":{"rendered":"http:\/\/werkfabrik.de\/?page_id=15"},"modified":"2023-01-17T12:38:15","modified_gmt":"2023-01-17T10:38:15","slug":"werkfabrik","status":"publish","type":"page","link":"http:\/\/werkfabrik.de\/?page_id=15","title":{"rendered":"\u00dcber den Blog"},"content":{"rendered":"\n<p>Liebe Leserinnen und Leser, <br>liebe Architekturverliebte und Baubegeisterte, <\/p>\n\n\n\n<p>herzlich Willkommen auf der &#8218;Blogwebseite&#8216; der <strong>F<\/strong>akult\u00e4t f\u00fcr <strong>A<\/strong>rchitektur und <strong>B<\/strong>auingenieurwesen. Hier findet ihr Beitr\u00e4ge zu Events, Projekten und Exkursionen, die nicht immer auf unserer Fakult\u00e4tswebseite Platz finden.<\/p>\n\n\n\n<p><strong>werkFABrik<\/strong><br>Hinter der werkFABrik steckt ein Team von Architektur- und Bauingenieursstudierenden. Um unsere Eindr\u00fccke und Erlebnisse dieser Studieng\u00e4nge mit der Welt zu teilen, berichten wir sowohl hier als auch auf Instagram \u00fcber Veranstaltungen, Feste sowie \u00fcber gr\u00f6\u00dfere und kleinere Exkursionen. <\/p>\n\n\n\n<p>Falls ihr euch schon immer gefragt habt, wie etwa die F\u00e4cher Baukonstruktion, Gestalten oder Technische Mechanik aufgebaut sind, solltet ihr unbedingt dranbleiben! Denn hier gibt es Insiderwissen und Erfahrungsberichte aus den jeweiligen Modulen. Begleitet werden die Berichte von vielen Schnappsch\u00fcssen aus unserem Studienalltag. Wir schreiben f\u00fcr: <\/p>\n\n\n\n<div class=\"wp-block-group\"><div class=\"wp-block-group__inner-container is-layout-flow wp-block-group-is-layout-flow\">\n<ul class=\"wp-block-list\">\n<li><strong>Studierende<\/strong>, um zu informieren, was sie in den kommenden Semestern noch erwartet und um Erinnerungen an vergangene Feste und Exkursionen aufzufrischen.<\/li>\n<\/ul>\n\n\n\n<ul class=\"wp-block-list\">\n<li><strong>Studieninteressierte<\/strong>, damit sie wissen, worauf sie sich mit dem Studium der Architektur oder des Bauingenieurwesens in W\u00fcrzburg einlassen \u2013 und warum es eine tolle Studienwahl ist.<\/li>\n<\/ul>\n\n\n\n<ul class=\"wp-block-list\">\n<li><strong>jeden<\/strong>, der sich f\u00fcr unsere Fakult\u00e4t und unsere Studierendenleben interessiert.<\/li>\n<\/ul>\n<\/div><\/div>\n\n\n\n<p><\/p>\n\n\n\n<p><\/p>\n\n\n\n<p><strong>werkFABrik.thws bei Instagram<\/strong><br>Aktuelle News findet ihr auch immer auf dem <a rel=\"noreferrer noopener\" href=\"https:\/\/www.instagram.com\/werkfabrik.fhws\/\" target=\"_blank\">Instagram-Kanal der werkFABrik<\/a>. Schaut doch mal vorbei und liked unsere Beitr\u00e4ge &#8211; dann verpasst ihr nichts mehr. Wir freuen uns ebenso \u00fcber jeden neuen Follower und wenn ihr wollt, k\u00f6nnt ihr uns gerne mit <strong>#werkfabrik<\/strong> taggen. <\/p>\n\n\n\n<p><strong>Informationen zu den Studieng\u00e4ngen<\/strong><br>Ihr wollt n\u00e4here Informationen zu den Bachelor-Studieng\u00e4ngen Architektur&nbsp;und  Bauingenieurwesen sowie zu den Masterstudieng\u00e4ngen Integrales Planen und Bauen? Dann schaut einfach auf der <a rel=\"noreferrer noopener\" aria-label=\" (\u00f6ffnet in neuem Tab)\" href=\"https:\/\/fab.fhws.de\" target=\"_blank\">Webseite&nbsp;der FAB<\/a>  vorbei.<br><\/p>\n\n\n\n<p>Und bei Fragen stehen wir euch immer gerne zur Verf\u00fcgung!<\/p>\n\n\n\n<p><br>Viel Spa\u00df beim Schm\u00f6kern und liebe Gr\u00fc\u00dfe<br>eure <em>werkFABrikant:innen<\/em><\/p>\n\n\n\n<p><br><strong>&nbsp;<\/strong><br><br><br>   <\/p>\n\n\n\n<p class=\"has-regular-font-size\"><br><\/p>\n","protected":false},"excerpt":{"rendered":"<p>Liebe Leserinnen und Leser, liebe Architekturverliebte und Baubegeisterte, herzlich Willkommen auf der &#8218;Blogwebseite&#8216; der Fakult\u00e4t f\u00fcr Architektur und Bauingenieurwesen. Hier findet ihr Beitr\u00e4ge zu Events, Projekten und Exkursionen, die nicht immer auf unserer Fakult\u00e4tswebseite Platz finden. werkFABrikHinter der werkFABrik steckt ein Team von Architektur- und Bauingenieursstudierenden. Um unsere Eindr\u00fccke und Erlebnisse dieser Studieng\u00e4nge mit der [&hellip;]<\/p>\n","protected":false},"author":2,"featured_media":0,"parent":0,"menu_order":0,"comment_status":"closed","ping_status":"closed","template":"","meta":{"footnotes":""},"class_list":["post-15","page","type-page","status-publish","hentry","missing-thumbnail"],"_links":{"self":[{"href":"http:\/\/werkfabrik.de\/index.php?rest_route=\/wp\/v2\/pages\/15","targetHints":{"allow":["GET"]}}],"collection":[{"href":"http:\/\/werkfabrik.de\/index.php?rest_route=\/wp\/v2\/pages"}],"about":[{"href":"http:\/\/werkfabrik.de\/index.php?rest_route=\/wp\/v2\/types\/page"}],"author":[{"embeddable":true,"href":"http:\/\/werkfabrik.de\/index.php?rest_route=\/wp\/v2\/users\/2"}],"replies":[{"embeddable":true,"href":"http:\/\/werkfabrik.de\/index.php?rest_route=%2Fwp%2Fv2%2Fcomments&post=15"}],"version-history":[{"count":54,"href":"http:\/\/werkfabrik.de\/index.php?rest_route=\/wp\/v2\/pages\/15\/revisions"}],"predecessor-version":[{"id":3337,"href":"http:\/\/werkfabrik.de\/index.php?rest_route=\/wp\/v2\/pages\/15\/revisions\/3337"}],"wp:attachment":[{"href":"http:\/\/werkfabrik.de\/index.php?rest_route=%2Fwp%2Fv2%2Fmedia&parent=15"}],"curies":[{"name":"wp","href":"https:\/\/api.w.org\/{rel}","templated":true}]}}